{"id":8199,"date":"2024-11-13T22:00:19","date_gmt":"2024-11-13T22:00:19","guid":{"rendered":"https:\/\/deythere.com\/sobre-nos\/"},"modified":"2024-11-13T22:00:19","modified_gmt":"2024-11-13T22:00:19","slug":"sobre-nos","status":"publish","type":"page","link":"https:\/\/deythere.com\/pt-br\/sobre-nos\/","title":{"rendered":"Sobre N\u00f3s"},"content":{"rendered":"<p data-sourcepos=\"5:1-5:331\">A <strong>Deythere.com<\/strong> \u00e9 uma plataforma de not\u00edcias independente l\u00edder dedicada a fornecer an\u00e1lises precisas, imparciais e aprofundadas dos \u00faltimos desenvolvimentos nos setores de criptomoeda, tecnologia e finan\u00e7as. Com nossas marcas <strong>DT News<\/strong> e <strong>Deythere<\/strong>, nosso objetivo \u00e9 ser sua fonte confi\u00e1vel de informa\u00e7\u00f5es em um mundo digital de ritmo acelerado. <\/p>\n<h2 data-sourcepos=\"7:1-7:19\"><strong>Nossa Miss\u00e3o<\/strong><\/h2>\n<p data-sourcepos=\"8:1-8:303\">Nossa miss\u00e3o \u00e9 capacitar as pessoas com informa\u00e7\u00f5es precisas e oportunas para que tomem decis\u00f5es informadas no mundo din\u00e2mico das criptomoedas, da tecnologia e das finan\u00e7as. N\u00f3s nos esfor\u00e7amos para desmistificar conceitos complexos e fornecer aos nossos leitores o conhecimento necess\u00e1rio para navegar nesse cen\u00e1rio em constante mudan\u00e7a. <\/p>\n<h2 data-sourcepos=\"10:1-10:18\"><strong>Nossa Vis\u00e3o<\/strong><\/h2>\n<p data-sourcepos=\"11:1-11:289\">Vislumbramos um futuro em que o Deythere.com seja reconhecido como a principal fonte de not\u00edcias confi\u00e1veis e perspicazes sobre os setores de criptomoeda, tecnologia e finan\u00e7as. Nossa meta \u00e9 nos tornarmos uma autoridade confi\u00e1vel nesses campos e contribuir para o crescimento e o desenvolvimento desses setores. <\/p>\n<h2 data-sourcepos=\"13:1-13:16\"><strong>Nossa Equipe<\/strong><\/h2>\n<p data-sourcepos=\"14:1-14:260\">A equipe da Deythere \u00e9 formada por jornalistas, editores e tecn\u00f3logos experientes que s\u00e3o apaixonados por fornecer conte\u00fado de alta qualidade. Os membros da nossa equipe se dedicam a fornecer aos nossos leitores as informa\u00e7\u00f5es mais atualizadas e precisas dispon\u00edveis. <\/p>\n<h2 data-sourcepos=\"16:1-16:32\"><strong>Por que Escolher Deythere.com?<\/strong><\/h2>\n<ul data-sourcepos=\"18:1-23:0\">\n<li data-sourcepos=\"18:1-18:106\"><strong>Experi\u00eancia<\/strong>: Nossa equipe possui profundo conhecimento dos setores de criptomoeda, tecnologia e finan\u00e7as.<\/li>\n<li data-sourcepos=\"19:1-19:87\"><strong>Independ\u00eancia<\/strong>: Temos o compromisso de oferecer uma cobertura jornal\u00edstica imparcial e objetiva.<\/li>\n<li data-sourcepos=\"20:1-20:96\"><strong>Profundidade<\/strong>: Vamos al\u00e9m dos relat\u00f3rios de n\u00edvel superficial e oferecemos uma an\u00e1lise aprofundada de t\u00f3picos complexos.<\/li>\n<li data-sourcepos=\"21:1-21:73\"><strong>Atualidade<\/strong>: Fornecemos as \u00faltimas not\u00edcias e percep\u00e7\u00f5es no momento em que elas acontecem.<\/li>\n<li data-sourcepos=\"22:1-23:0\"><strong>Atualidade<\/strong>: Fornecemos as \u00faltimas not\u00edcias e percep\u00e7\u00f5es no momento em que elas acontecem.<\/li>\n<\/ul>\n<h2 data-sourcepos=\"24:1-24:21\"><strong>O Que Oferecemos<\/strong><\/h2>\n<ul data-sourcepos=\"26:1-30:0\">\n<li data-sourcepos=\"26:1-26:172\"><strong>Cobertura Abrangente<\/strong>: Cobrimos uma ampla variedade de t\u00f3picos, incluindo Bitcoin, Ethereum, altcoins, blockchain, intelig\u00eancia artificial, seguran\u00e7a cibern\u00e9tica, fintech e muito mais.<\/li>\n<li data-sourcepos=\"27:1-27:142\"><strong>An\u00e1lise Aprofundada<\/strong>: Nossa equipe de especialistas fornece uma an\u00e1lise detalhada das tend\u00eancias do mercado, desenvolvimentos regulat\u00f3rios e avan\u00e7os tecnol\u00f3gicos.<\/li>\n<li data-sourcepos=\"28:1-28:126\"><strong>Conte\u00fado Educacional<\/strong>: Oferecemos tutoriais, guias e artigos para ajud\u00e1-lo a aprender mais sobre os t\u00f3picos de seu interesse.<\/li>\n<li data-sourcepos=\"29:1-30:0\"><strong>Entrevistas<\/strong>: Apresentamos entrevistas com l\u00edderes e especialistas do setor para fornecer percep\u00e7\u00f5es exclusivas sobre as \u00faltimas tend\u00eancias.<\/li>\n<\/ul>\n<p data-sourcepos=\"31:1-31:197\"><strong>No Deythere.com, acreditamos que conhecimento \u00e9 poder. Ao fornecer aos nossos leitores informa\u00e7\u00f5es precisas e oportunas, n\u00f3s os capacitamos a tomar decis\u00f5es informadas e a atingir suas metas financeiras. <\/strong><\/p>\n","protected":false},"excerpt":{"rendered":"<p>A Deythere.com \u00e9 uma plataforma de not\u00edcias independente l\u00edder dedicada a fornecer an\u00e1lises precisas, imparciais e aprofundadas dos \u00faltimos desenvolvimentos nos setores de criptomoeda, tecnologia e finan\u00e7as. Com nossas marcas DT News e Deythere, nosso objetivo \u00e9 ser sua fonte confi\u00e1vel de informa\u00e7\u00f5es em um mundo digital de ritmo acelerado. Nossa Miss\u00e3o Nossa miss\u00e3o \u00e9 [&hellip;]<\/p>\n","protected":false},"author":1,"featured_media":0,"parent":0,"menu_order":0,"comment_status":"closed","ping_status":"closed","template":"","meta":{"footnotes":""},"class_list":["post-8199","page","type-page","status-publish"],"_links":{"self":[{"href":"https:\/\/deythere.com\/pt-br\/wp-json\/wp\/v2\/pages\/8199","targetHints":{"allow":["GET"]}}],"collection":[{"href":"https:\/\/deythere.com\/pt-br\/wp-json\/wp\/v2\/pages"}],"about":[{"href":"https:\/\/deythere.com\/pt-br\/wp-json\/wp\/v2\/types\/page"}],"author":[{"embeddable":true,"href":"https:\/\/deythere.com\/pt-br\/wp-json\/wp\/v2\/users\/1"}],"replies":[{"embeddable":true,"href":"https:\/\/deythere.com\/pt-br\/wp-json\/wp\/v2\/comments?post=8199"}],"version-history":[{"count":0,"href":"https:\/\/deythere.com\/pt-br\/wp-json\/wp\/v2\/pages\/8199\/revisions"}],"wp:attachment":[{"href":"https:\/\/deythere.com\/pt-br\/wp-json\/wp\/v2\/media?parent=8199"}],"curies":[{"name":"wp","href":"https:\/\/api.w.org\/{rel}","templated":true}]}}